{"id":10146,"date":"2024-09-07T19:32:40","date_gmt":"2024-09-07T18:32:40","guid":{"rendered":"https:\/\/mayoguide.org\/produkty\/?post_type=product&#038;p=10146"},"modified":"2024-09-07T19:36:28","modified_gmt":"2024-09-07T18:36:28","slug":"xtrazex","status":"publish","type":"product","link":"https:\/\/www.clinicaalthea.com\/farmacia\/sk\/apt\/xtrazex\/","title":{"rendered":"Xtrazex"},"content":{"rendered":"\n<h2 class=\"wp-block-heading\">\u010co je Xtrazex a ako funguje?<\/h2>\n\n\n\n<p>Xtrazex je inovat\u00edvny <em>doplnok stravy<\/em> ur\u010den\u00fd pre mu\u017eov, ktor\u00ed maj\u00fa probl\u00e9my s <em>potenciou<\/em>. Jeho <em>\u00fa\u010dinok<\/em> je zalo\u017een\u00fd na zv\u00fd\u0161en\u00ed prietoku krvi do panvov\u00fdch org\u00e1nov, \u010do vedie k zlep\u0161eniu kvality erekcie. Doplnok obsahuje <b>pr\u00edrodn\u00e9 zlo\u017eky,<\/b> ktor\u00e9 podporuj\u00fa organizmus v boji proti \u0165a\u017ekostiam s erekciou.<\/p>\n\n\n\n<p>Hlavn\u00e9 zlo\u017eky Xtrazexu, ako s\u00fa \u017een\u0161en, Maca, L-argin\u00edn, \u017eih\u013eava a k\u00f4ra yohimbe, zohr\u00e1vaj\u00fa k\u013e\u00fa\u010dov\u00fa \u00falohu pri zlep\u0161ovan\u00ed <b>libida<\/b>. Pravideln\u00e9 <b>pou\u017e\u00edvanie<\/b> tohto doplnku m\u00f4\u017ee poskytn\u00fa\u0165 mnoho v\u00fdhod, ako napr:<\/p>\n\n\n\n<ul class=\"wp-block-list\">\n<li>Zlep\u0161enie erekcie<\/li>\n\n\n\n<li>Zv\u00fd\u0161en\u00e9 <b>libido<\/b><\/li>\n\n\n\n<li>Zv\u00fd\u0161en\u00e1 sexu\u00e1lna v\u00fdkonnos\u0165<\/li>\n\n\n\n<li>V\u00e4\u010d\u0161ia sexu\u00e1lna spokojnos\u0165<\/li>\n\n\n\n<li>Zv\u00fd\u0161en\u00e9 sebavedomie<\/li>\n<\/ul>\n\n\n\n<p><b>Sp\u00e4tn\u00e1 v\u00e4zba na<\/b> Xtrazex bola pozit\u00edvna, pri\u010dom mnoh\u00ed \u013eudia zaznamenali v\u00fdznamn\u00e9 <b>v\u00fdsledky<\/b> po nieko\u013ek\u00fdch t\u00fd\u017ed\u0148och pou\u017e\u00edvania. Doplnok pre\u0161iel pr\u00edsnymi klinick\u00fdmi sk\u00fa\u0161kami, ktor\u00e9 potvrdzuj\u00fa jeho \u00fa\u010dinnos\u0165 pri zvy\u0161ovan\u00ed potencie u mu\u017eov. Odpor\u00fa\u010da sa <b>pou\u017e\u00edva\u0165<\/b> ho pravidelne aspo\u0148 30 dn\u00ed, aby ste videli jeho pln\u00e9 v\u00fdhody.<\/p>\n\n\n\n<figure class=\"wp-block-table\"><table><tbody><tr><th>V\u00fdhody Xtrazexu<\/th><th>Popis<\/th><\/tr><tr><td>Zlep\u0161enie erekcie<\/td><td>Zv\u00fd\u0161enie prietoku krvi do pohlavn\u00fdch org\u00e1nov<\/td><\/tr><tr><td>Zv\u00fd\u0161en\u00e9 libido<\/td><td>Podpora prirodzen\u00fdch sexu\u00e1lnych potrieb<\/td><\/tr><tr><td>Zlep\u0161enie sexu\u00e1lnej v\u00fdkonnosti<\/td><td>Zv\u00fd\u0161en\u00e1 odolnos\u0165 vo\u010di \u00fanave po\u010das pohlavn\u00e9ho styku<\/td><\/tr><tr><td>Vy\u0161\u0161ia sexu\u00e1lna spokojnos\u0165<\/td><td>V\u00e4\u010d\u0161ia spokojnos\u0165 s int\u00edmnym \u017eivotom<\/td><\/tr><tr><td>V\u00e4\u010d\u0161ie sebavedomie<\/td><td>Zn\u00ed\u017eenie \u00fazkosti zo sexu\u00e1lneho v\u00fdkonu<\/td><\/tr><\/tbody><\/table><\/figure>\n\n\n\n<h2 class=\"wp-block-heading\">Xtrazex &#8211; \u00fa\u010dinky<\/h2>\n\n\n\n<p>Pou\u017eitie Xtrazexu m\u00e1 mno\u017estvo pozit\u00edvnych \u00fa\u010dinkov, ktor\u00e9 zlep\u0161uj\u00fa sexu\u00e1lny \u017eivot. Pou\u017e\u00edvatelia si v\u0161imli, \u017ee pr\u00edpravok v\u00fdrazne zlep\u0161uje kvalitu erekcie a . Zv\u00fd\u0161en\u00e9 libido rob\u00ed u\u017e\u00edvate\u013eov Xtrazexu sebavedomej\u0161\u00edmi v int\u00edmnej sf\u00e9re.<\/p>\n\n\n\n<p>\u0160t\u00fadie na pacientoch preuk\u00e1zali zv\u00fd\u0161en\u00fd \u00fa\u010dinok vo viac ako 96 %. Tieto <b>\u00fa\u010dinky<\/b> zah\u0155\u0148aj\u00fa:<\/p>\n\n\n\n<ul class=\"wp-block-list\">\n<li>Zlep\u0161enie prekrvenia pohlavn\u00fdch org\u00e1nov<\/li>\n\n\n\n<li>Zv\u00fd\u0161enie produkcie testoster\u00f3nu<\/li>\n\n\n\n<li>Zlep\u0161enie kvality spermi\u00ed<\/li>\n<\/ul>\n\n\n\n<p>Xtrazex \u00fa\u010dinkuje r\u00fdchlo a vy\u017eaduje jednorazov\u00e9 u\u017eitie pred pl\u00e1novan\u00fdm pohlavn\u00fdm stykom, \u010do u\u013eah\u010duje jeho pou\u017e\u00edvanie. Pravideln\u00e9 pou\u017e\u00edvanie tohto doplnku m\u00f4\u017ee prispie\u0165 k celkov\u00e9mu zlep\u0161eniu potencie a kvality sexu\u00e1lneho \u017eivota a <b>recenzie<\/b> na po\u013esk\u00fdch internetov\u00fdch f\u00f3rach potvrdzuj\u00fa jeho \u00fa\u010dinnos\u0165 a prirodzen\u00e9 <b>zlo\u017eenie<\/b>.<\/p>\n\n\n\n<blockquote class=\"wp-block-quote is-layout-flow wp-block-quote-is-layout-flow\">\n<p><b>Sp\u00e4tn\u00e1 v\u00e4zba<\/b> nazna\u010duje uspokojiv\u00e9 v\u00fdsledky, medzi ktor\u00e9 patr\u00ed dlh\u0161ie trvanie vz\u0165ahov a zv\u00fd\u0161en\u00e1 d\u00f4vera.<\/p>\n<\/blockquote>\n\n\n\n<p>Xtrazex, zalo\u017een\u00fd na pr\u00edrodn\u00fdch zlo\u017ek\u00e1ch, nevedie k negat\u00edvnym ved\u013eaj\u0161\u00edm \u00fa\u010dinkom alebo z\u00e1vislosti. \u00da\u010dinnos\u0165 pr\u00edpravku a jeho pozit\u00edvne \u00fa\u010dinky na libido a <b>potenciu<\/b> z neho robia atrakt\u00edvny produkt na trhu s v\u00fd\u017eivov\u00fdmi doplnkami.<\/p>\n\n\n\n<h2 class=\"wp-block-heading\">Ako pou\u017e\u00edva\u0165 Xtrazex? &#8211; D\u00e1vkovanie a odpor\u00fa\u010dania<\/h2>\n\n\n\n<p>Pou\u017e\u00edvanie lieku Xtrazex je nevyhnutn\u00e9 na dosiahnutie optim\u00e1lnych v\u00fdsledkov. Odpor\u00fa\u010da sa, aby <b>d\u00e1vkovanie<\/b> spo\u010d\u00edvalo v rozpusten\u00ed jednej tablety v poh\u00e1ri vody (200 ml) a jej u\u017eit\u00ed jednu hodinu pred jedlom. Tento sp\u00f4sob po\u017eitia podporuje \u00fa\u010dinn\u00e9 vstreb\u00e1vanie \u00fa\u010dinn\u00fdch l\u00e1tok v pr\u00edpravku.<\/p>\n\n\n\n<p>Xtrazex sa m\u00f4\u017ee pou\u017e\u00edva\u0165 dlhodobo a m\u00f4\u017ee pom\u00f4c\u0165 zlep\u0161i\u0165 kvalitu erekcie a zv\u00fd\u0161i\u0165 p\u00f4\u017eitok po\u010das pohlavn\u00e9ho styku. Pred za\u010dat\u00edm lie\u010dby je d\u00f4le\u017eit\u00e9 poradi\u0165 sa s lek\u00e1rom, najm\u00e4 ak m\u00e1te in\u00e9 zdravotn\u00e9 probl\u00e9my alebo u\u017e\u00edvate r\u00f4zne lieky.<\/p>\n\n\n\n<ul class=\"wp-block-list\">\n<li><em>Pou\u017eitie:<\/em> Rozpustite jednu tabletu v 200 ml vody.<\/li>\n\n\n\n<li><em>D\u00e1vkovanie:<\/em> U\u017e\u00edvajte jednu hodinu pred jedlom.<\/li>\n\n\n\n<li><em>Odpor\u00fa\u010dania:<\/em> Pre dosiahnutie najlep\u0161\u00edch v\u00fdsledkov sa odpor\u00fa\u010da ka\u017edodenn\u00e1 aplik\u00e1cia.<\/li>\n<\/ul>\n\n\n\n<p>Dodr\u017eiavanie t\u00fdchto odpor\u00fa\u010dan\u00ed m\u00f4\u017ee prinies\u0165 v\u00fdhody, ako je zlep\u0161enie kvality erekcie, zv\u00fd\u0161enie v\u00fddr\u017ee a zlep\u0161enie libida. Je v\u0161ak potrebn\u00e9 ma\u0165 na pam\u00e4ti, \u017ee \u00fa\u010dinky sa m\u00f4\u017eu l\u00ed\u0161i\u0165 v z\u00e1vislosti od individu\u00e1lnych telesn\u00fdch podmienok.<\/p>\n\n\n\n<figure class=\"wp-block-table\"><table><tbody><tr><th>Aspekt<\/th><th>Podrobnosti na<\/th><\/tr><tr><td><b>D\u00e1vkovanie<\/b><\/td><td>Jedna tableta denne rozpusten\u00e1 vo vode<\/td><\/tr><tr><td>Indik\u00e1cie<\/td><td><b>Probl\u00e9my s erekciou<\/b>, zn\u00ed\u017een\u00e9 libido, \u00fanava<\/td><\/tr><tr><td>Pr\u00edprava<\/td><td>\u0160umiv\u00e9 tablety v balen\u00ed<\/td><\/tr><tr><td>Konzult\u00e1cia s lek\u00e1rom<\/td><td>Odpor\u00fa\u010danie pred pou\u017eit\u00edm<\/td><\/tr><\/tbody><\/table><\/figure>\n\n\n\n<h2 class=\"wp-block-heading\">Xtrazex &#8211; N\u00e1zory a recenzie, F\u00f3rum<\/h2>\n\n\n\n<p>Xtrazex z\u00edskava uznanie medzi mu\u017emi, ktor\u00ed h\u013eadaj\u00fa \u00fa\u010dinn\u00e9 rie\u0161enia probl\u00e9mov s erekciou. Sp\u00e4tn\u00e1 v\u00e4zba na tento doplnok stravy je preva\u017ene pozit\u00edvna, pri\u010dom mnoh\u00ed pou\u017e\u00edvatelia zaznamenali v\u00fdrazn\u00e9 zlep\u0161enie aspektov potencie a celkovej pohody. Na online f\u00f3rach mo\u017eno n\u00e1js\u0165 po\u010detn\u00e9 <b>recenzie,<\/b> ktor\u00e9 potvrdzuj\u00fa \u00fa\u010dinnos\u0165 produktu a jeho <b>pr\u00edrodn\u00fdch zlo\u017eiek<\/b>.<\/p>\n\n\n\n<p>Mnoh\u00ed \u013eudia uv\u00e1dzaj\u00fa, \u017ee pravideln\u00e9 u\u017e\u00edvanie Xtrazexu vedie k lep\u0161ej kvalite sexu\u00e1lneho \u017eivota. Pou\u017e\u00edvatelia zd\u00f4raz\u0148uj\u00fa, \u017ee doplnok \u00fa\u010dinne podporuje prekrvenie v oblasti pohlavn\u00fdch org\u00e1nov, \u010do podporuje \u013eah\u0161ie dosiahnutie a udr\u017eanie erekcie. Nie je divu, \u017ee z\u00edskava to\u013eko pozit\u00edvnych recenzi\u00ed na r\u00f4znych platform\u00e1ch.<\/p>\n\n\n\n<figure class=\"wp-block-table\"><table><tbody><tr><th>V\u00fdhody Xtrazexu<\/th><th>Recenzie pou\u017e\u00edvate\u013eov<\/th><th>Odpor\u00fa\u010dania<\/th><\/tr><tr><td>Zlep\u0161enie krvn\u00e9ho obehu<\/td><td>V\u00e4\u010d\u0161ina pou\u017e\u00edvate\u013eov uv\u00e1dza v\u00fdrazn\u00e9 zlep\u0161enie \u00fa\u010dinnosti<\/td><td>Jedna tableta denne pred sexu\u00e1lnym aktom<\/td><\/tr><tr><td>Pr\u00edrodn\u00e9 <b>zlo\u017eenie<\/b><\/td><td>Vysok\u00e9 hodnotenie <b>bezpe\u010dnosti<\/b> a minim\u00e1lnych <b>ved\u013eaj\u0161\u00edch \u00fa\u010dinkov<\/b><\/td><td>Pite vodu<\/td><\/tr><tr><td>Dostupnos\u0165 bez lek\u00e1rskeho predpisu<\/td><td>\u0160irok\u00fd z\u00e1ujem o diskusn\u00e9 f\u00f3ra<\/td><td>K\u00fapi\u0165 na ofici\u00e1lnej webovej str\u00e1nke v\u00fdrobcu<\/td><\/tr><\/tbody><\/table><\/figure>\n\n\n\n<p>Recenzie Xtrazex nazna\u010duj\u00fa, \u017ee mnoh\u00ed mu\u017ei v \u0148om na\u0161li rie\u0161enie svojich sexu\u00e1lnych probl\u00e9mov. Stoj\u00ed za to venova\u0165 pozornos\u0165 n\u00e1zorom odborn\u00edkov a <b>recenzi\u00e1m,<\/b> ktor\u00e9 m\u00f4\u017eu poskytn\u00fa\u0165 \u010fal\u0161ie inform\u00e1cie o \u00fa\u010dinnosti a bezpe\u010dnosti tohto doplnku.<\/p>\n\n\n\n<h2 class=\"wp-block-heading\">Xtrazex &#8211; Zlo\u017eenie &#8211; \u010co obsahuje?<\/h2>\n\n\n\n<p>Xtrazex sa vyzna\u010duje jedine\u010dn\u00fdm <em>zlo\u017een\u00edm,<\/em> ktor\u00e9 je zalo\u017een\u00e9 na <strong>pr\u00edrodn\u00fdch zlo\u017ek\u00e1ch<\/strong> rastlinn\u00e9ho p\u00f4vodu. Jeho <b>\u00fa\u010dinok<\/b> podporuje nielen zlep\u0161enie kvality erekcie, ale aj celkovej sexu\u00e1lnej v\u00fdkonnosti. Hlavn\u00fdmi \u00fa\u010dinn\u00fdmi l\u00e1tkami s\u00fa:<\/p>\n\n\n\n<ul class=\"wp-block-list\">\n<li>\u017den\u0161enov\u00fd extrakt &#8211; zn\u00e1my pre svoje posil\u0148uj\u00face a libido zvy\u0161uj\u00face vlastnosti.<\/li>\n\n\n\n<li>Maca peru\u00e1nska &#8211; zvy\u0161uje energiu a v\u00fddr\u017e a podporuje plodnos\u0165.<\/li>\n\n\n\n<li>Extrakt z k\u00f4ry Muira Puama &#8211; zn\u00e1my ako &#8220;strom potencie&#8221;, podporuje sexu\u00e1lne funkcie.<\/li>\n\n\n\n<li>K\u00f4ra Yohimba &#8211; zlep\u0161uje krvn\u00fd obeh a m\u00e1 pozit\u00edvny vplyv na erekciu.<\/li>\n<\/ul>\n\n\n\n<p>Xtrazex navy\u0161e obsahuje aminokyseliny, ako je L-argin\u00edn, ktor\u00e9 s\u00fa k\u013e\u00fa\u010dom k produkcii oxidu dusnat\u00e9ho, ktor\u00fd zlep\u0161uje <strong>prietok krvi<\/strong>. Tento inovat\u00edvny pr\u00edpravok poskytuje aj vitam\u00edny a miner\u00e1ly vr\u00e1tane zinku a vitam\u00ednov C a E, ktor\u00e9 podporuj\u00fa celkov\u00e9 zdravie mu\u017eov.<\/p>\n\n\n\n<p>\u00da\u010dinok Xtrazexu sa zvy\u010dajne prejav\u00ed do 20-30 min\u00fat po u\u017eit\u00ed tablety rozpustenej vo vode, \u010do z neho rob\u00ed \u00fa\u010dinn\u00e9 rie\u0161enie pre mu\u017eov, ktor\u00ed chc\u00fa zlep\u0161i\u0165 svoj sexu\u00e1lny \u017eivot.<\/p>\n\n\n\n<h2 class=\"wp-block-heading\">Xtrazex cena &#8211; Kde nak\u00fapi\u0165?<\/h2>\n\n\n\n<p>Xtrazex je modern\u00fd <b>doplnok stravy<\/b>, ktor\u00fd z\u00edskava popularitu medzi mu\u017emi, ktor\u00ed h\u013eadaj\u00fa sexu\u00e1lnu podporu. Origin\u00e1lny Xtrazex nie je dostupn\u00fd v kamenn\u00fdch lek\u00e1r\u0148ach. Aby sa zabr\u00e1nilo n\u00e1kupu falzifik\u00e1tov, z\u00e1kazn\u00edci by ho mali h\u013eada\u0165 len na <em>ofici\u00e1lnej webovej str\u00e1nke v\u00fdrobcu<\/em>.<\/p>\n\n\n\n<p><b>Cena<\/b> Xtrazexu sa m\u00f4\u017ee l\u00ed\u0161i\u0165 v z\u00e1vislosti od aktu\u00e1lnych propaga\u010dn\u00fdch akci\u00ed a dostupn\u00fdch bal\u00edkov. Z tohto d\u00f4vodu stoj\u00ed za to pravidelne nav\u0161tevova\u0165 <em>ofici\u00e1lnu<\/em> webov\u00fa str\u00e1nku <em>v\u00fdrobcu,<\/em> aby ste sledovali najlep\u0161ie ponuky. Z\u00e1kazn\u00edci m\u00f4\u017eu vyu\u017ei\u0165 atrakt\u00edvne z\u013eavy pri n\u00e1kupe v\u00e4\u010d\u0161ieho po\u010dtu balen\u00ed, \u010do je v\u00fdhodn\u00e9 najm\u00e4 pri dlhodobom pou\u017e\u00edvan\u00ed doplnku.<\/p>\n\n\n\n<p>Pred n\u00e1kupom je tie\u017e dobr\u00e9 obozn\u00e1mi\u0165 sa s <em>n\u00e1zormi<\/em> ostatn\u00fdch z\u00e1kazn\u00edkov. Pom\u00f4\u017ee v\u00e1m to urobi\u0165 dobre informovan\u00e9 rozhodnutie. Xtrazex m\u00e1 v\u010faka svojim pr\u00edrodn\u00fdm zlo\u017ek\u00e1m dobr\u00fa \u0161ancu by\u0165 \u00fa\u010dinn\u00fd, \u010do potvrdzuj\u00fa pozit\u00edvne odpor\u00fa\u010dania pou\u017e\u00edvate\u013eov.<\/p>\n\n\n\n<h2 class=\"wp-block-heading\">Xtrazex &#8211; ved\u013eaj\u0161ie \u00fa\u010dinky a kontraindik\u00e1cie<\/h2>\n\n\n\n<p>Hoci m\u00e1 Xtrazex pr\u00edrodn\u00e9 zlo\u017eenie, m\u00f4\u017eu sa vyskytn\u00fa\u0165 <strong>ved\u013eaj\u0161ie \u00fa\u010dinky,<\/strong> najm\u00e4 alergick\u00e9 reakcie. Preto by rozhodnutiu za\u010da\u0165 s doplnkovou v\u00fd\u017eivou malo predch\u00e1dza\u0165 d\u00f4kladn\u00e9 pre\u010d\u00edtanie pr\u00edbalov\u00e9ho let\u00e1ku a dodr\u017eiavanie odpor\u00fa\u010dan\u00e9ho d\u00e1vkovania. Odpor\u00fa\u010dan\u00e9 d\u00e1vkovanie je jedna tableta denne po\u010das tridsiatich dn\u00ed, \u010do je d\u00f4le\u017eit\u00e9 na zaistenie <strong>bezpe\u010dnosti<\/strong> po\u010das u\u017e\u00edvania.<\/p>\n\n\n\n<p>\u013dudia s existuj\u00facimi zdravotn\u00fdmi probl\u00e9mami alebo u\u017e\u00edvaj\u00faci in\u00e9 lieky sa maj\u00fa pred za\u010dat\u00edm lie\u010dby Xtrazexom poradi\u0165 s lek\u00e1rom. Hoci pr\u00edpravok nem\u00e1 \u017eiadne z\u00e1va\u017en\u00e9 <strong>kontraindik\u00e1cie,<\/strong> ka\u017ed\u00fa individu\u00e1lnu situ\u00e1ciu m\u00f4\u017ee by\u0165 potrebn\u00e9 pos\u00fadi\u0165 odborn\u00edkom. Starostlivos\u0165ou o svoje zdravie sa m\u00f4\u017eete vyhn\u00fa\u0165 nepr\u00edjemn\u00fdm prekvapeniam.<\/p>\n\n\n\n<p>Mnoh\u00e9 pozit\u00edvne recenzie od pou\u017e\u00edvate\u013eov nehl\u00e1sia \u017eiadne probl\u00e9my s <strong>ved\u013eaj\u0161\u00edmi \u00fa\u010dinkami<\/strong>, \u010do potvrdzuje vysok\u00e9 hodnotenie produktu 4.5\/5. Mu\u017ei, ktor\u00ed bojuj\u00fa s probl\u00e9mami s erekciou, by si mali by\u0165 vedom\u00ed, \u017ee zodpovedn\u00e9 pou\u017e\u00edvanie Xtrazexu zlep\u0161\u00ed kvalitu \u017eivota bez zbyto\u010dn\u00fdch riz\u00edk.<\/p>\n","protected":false},"excerpt":{"rendered":"<p><strong>39.00 \u20ac<\/strong><\/p>\n<p><del>78.00 \u20ac<\/del><\/p>\n<p><strong>[date_countdown]<\/strong><\/p>\n","protected":false},"featured_media":10136,"comment_status":"open","ping_status":"closed","template":"","meta":{"neve_meta_sidebar":"","neve_meta_container":"","neve_meta_enable_content_width":"","neve_meta_content_width":0,"neve_meta_title_alignment":"","neve_meta_author_avatar":"","neve_post_elements_order":"","neve_meta_disable_header":"","neve_meta_disable_footer":"","neve_meta_disable_title":"","neve_meta_reading_time":""},"product_brand":[],"product_cat":[397],"product_tag":[],"class_list":{"0":"post-10146","1":"product","2":"type-product","3":"status-publish","4":"has-post-thumbnail","6":"product_cat-sexualne-zdravie","8":"first","9":"instock","10":"shipping-taxable","11":"product-type-external"},"yoast_head":"<!-- This site is optimized with the Yoast SEO plugin v27.4 - https:\/\/yoast.com\/product\/yoast-seo-wordpress\/ -->\n<title>Xtrazex - Clinica Althea<\/title>\n<meta name=\"robots\" content=\"index, follow, max-snippet:-1, max-image-preview:large, max-video-preview:-1\" \/>\n<link rel=\"canonical\" href=\"https:\/\/www.clinicaalthea.com\/farmacia\/sk\/apt\/xtrazex\/\" \/>\n<meta property=\"og:locale\" content=\"pl_PL\" \/>\n<meta property=\"og:type\" content=\"article\" \/>\n<meta property=\"og:title\" content=\"Xtrazex - Clinica Althea\" \/>\n<meta property=\"og:description\" content=\"39.00 \u20ac 78.00 \u20ac\" \/>\n<meta property=\"og:url\" content=\"https:\/\/www.clinicaalthea.com\/farmacia\/sk\/apt\/xtrazex\/\" \/>\n<meta property=\"og:site_name\" content=\"Clinica Althea\" \/>\n<meta property=\"article:modified_time\" content=\"2024-09-07T18:36:28+00:00\" \/>\n<meta property=\"og:image\" content=\"https:\/\/www.clinicaalthea.com\/farmacia\/wp-content\/uploads\/2024\/09\/Xtrazex.jpg\" \/>\n\t<meta property=\"og:image:width\" content=\"768\" \/>\n\t<meta property=\"og:image:height\" content=\"768\" \/>\n\t<meta property=\"og:image:type\" content=\"image\/jpeg\" \/>\n<meta name=\"twitter:card\" content=\"summary_large_image\" \/>\n<meta name=\"twitter:label1\" content=\"Szacowany czas czytania\" \/>\n\t<meta name=\"twitter:data1\" content=\"7 minut\" \/>\n<script type=\"application\/ld+json\" class=\"yoast-schema-graph\">{\"@context\":\"https:\\\/\\\/schema.org\",\"@graph\":[{\"@type\":\"WebPage\",\"@id\":\"https:\\\/\\\/www.clinicaalthea.com\\\/farmacia\\\/sk\\\/apt\\\/xtrazex\\\/\",\"url\":\"https:\\\/\\\/www.clinicaalthea.com\\\/farmacia\\\/sk\\\/apt\\\/xtrazex\\\/\",\"name\":\"Xtrazex - Clinica Althea\",\"isPartOf\":{\"@id\":\"https:\\\/\\\/www.clinicaalthea.com\\\/farmacia\\\/#website\"},\"primaryImageOfPage\":{\"@id\":\"https:\\\/\\\/www.clinicaalthea.com\\\/farmacia\\\/sk\\\/apt\\\/xtrazex\\\/#primaryimage\"},\"image\":{\"@id\":\"https:\\\/\\\/www.clinicaalthea.com\\\/farmacia\\\/sk\\\/apt\\\/xtrazex\\\/#primaryimage\"},\"thumbnailUrl\":\"https:\\\/\\\/www.clinicaalthea.com\\\/farmacia\\\/wp-content\\\/uploads\\\/2024\\\/09\\\/Xtrazex.jpg\",\"datePublished\":\"2024-09-07T18:32:40+00:00\",\"dateModified\":\"2024-09-07T18:36:28+00:00\",\"breadcrumb\":{\"@id\":\"https:\\\/\\\/www.clinicaalthea.com\\\/farmacia\\\/sk\\\/apt\\\/xtrazex\\\/#breadcrumb\"},\"inLanguage\":\"pl-PL\",\"potentialAction\":[{\"@type\":\"ReadAction\",\"target\":[\"https:\\\/\\\/www.clinicaalthea.com\\\/farmacia\\\/sk\\\/apt\\\/xtrazex\\\/\"]}]},{\"@type\":\"ImageObject\",\"inLanguage\":\"pl-PL\",\"@id\":\"https:\\\/\\\/www.clinicaalthea.com\\\/farmacia\\\/sk\\\/apt\\\/xtrazex\\\/#primaryimage\",\"url\":\"https:\\\/\\\/www.clinicaalthea.com\\\/farmacia\\\/wp-content\\\/uploads\\\/2024\\\/09\\\/Xtrazex.jpg\",\"contentUrl\":\"https:\\\/\\\/www.clinicaalthea.com\\\/farmacia\\\/wp-content\\\/uploads\\\/2024\\\/09\\\/Xtrazex.jpg\",\"width\":768,\"height\":768,\"caption\":\"Xtrazex\"},{\"@type\":\"BreadcrumbList\",\"@id\":\"https:\\\/\\\/www.clinicaalthea.com\\\/farmacia\\\/sk\\\/apt\\\/xtrazex\\\/#breadcrumb\",\"itemListElement\":[{\"@type\":\"ListItem\",\"position\":1,\"name\":\"Strona g\u0142\u00f3wna\",\"item\":\"https:\\\/\\\/www.clinicaalthea.com\\\/farmacia\\\/\"},{\"@type\":\"ListItem\",\"position\":2,\"name\":\"Produkty\",\"item\":\"https:\\\/\\\/www.clinicaalthea.com\\\/farmacia\\\/\"},{\"@type\":\"ListItem\",\"position\":3,\"name\":\"Xtrazex\"}]},{\"@type\":\"WebSite\",\"@id\":\"https:\\\/\\\/www.clinicaalthea.com\\\/farmacia\\\/#website\",\"url\":\"https:\\\/\\\/www.clinicaalthea.com\\\/farmacia\\\/\",\"name\":\"Clinica Althea\",\"description\":\"\",\"publisher\":{\"@id\":\"https:\\\/\\\/www.clinicaalthea.com\\\/farmacia\\\/#organization\"},\"potentialAction\":[{\"@type\":\"SearchAction\",\"target\":{\"@type\":\"EntryPoint\",\"urlTemplate\":\"https:\\\/\\\/www.clinicaalthea.com\\\/farmacia\\\/?s={search_term_string}\"},\"query-input\":{\"@type\":\"PropertyValueSpecification\",\"valueRequired\":true,\"valueName\":\"search_term_string\"}}],\"inLanguage\":\"pl-PL\"},{\"@type\":\"Organization\",\"@id\":\"https:\\\/\\\/www.clinicaalthea.com\\\/farmacia\\\/#organization\",\"name\":\"Clinica Althea\",\"url\":\"https:\\\/\\\/www.clinicaalthea.com\\\/farmacia\\\/\",\"logo\":{\"@type\":\"ImageObject\",\"inLanguage\":\"pl-PL\",\"@id\":\"https:\\\/\\\/www.clinicaalthea.com\\\/farmacia\\\/#\\\/schema\\\/logo\\\/image\\\/\",\"url\":\"https:\\\/\\\/www.clinicaalthea.com\\\/farmacia\\\/wp-content\\\/uploads\\\/2023\\\/12\\\/Jak-diagnozuje-sie-FAS_-objawy-kryteria-diagnostyczne-i-metody-diagnozowania-154162903.jpg\",\"contentUrl\":\"https:\\\/\\\/www.clinicaalthea.com\\\/farmacia\\\/wp-content\\\/uploads\\\/2023\\\/12\\\/Jak-diagnozuje-sie-FAS_-objawy-kryteria-diagnostyczne-i-metody-diagnozowania-154162903.jpg\",\"width\":1216,\"height\":832,\"caption\":\"Clinica Althea\"},\"image\":{\"@id\":\"https:\\\/\\\/www.clinicaalthea.com\\\/farmacia\\\/#\\\/schema\\\/logo\\\/image\\\/\"}}]}<\/script>\n<!-- \/ Yoast SEO plugin. -->","yoast_head_json":{"title":"Xtrazex - Clinica Althea","robots":{"index":"index","follow":"follow","max-snippet":"max-snippet:-1","max-image-preview":"max-image-preview:large","max-video-preview":"max-video-preview:-1"},"canonical":"https:\/\/www.clinicaalthea.com\/farmacia\/sk\/apt\/xtrazex\/","og_locale":"pl_PL","og_type":"article","og_title":"Xtrazex - Clinica Althea","og_description":"39.00 \u20ac 78.00 \u20ac","og_url":"https:\/\/www.clinicaalthea.com\/farmacia\/sk\/apt\/xtrazex\/","og_site_name":"Clinica Althea","article_modified_time":"2024-09-07T18:36:28+00:00","og_image":[{"width":768,"height":768,"url":"https:\/\/www.clinicaalthea.com\/farmacia\/wp-content\/uploads\/2024\/09\/Xtrazex.jpg","type":"image\/jpeg"}],"twitter_card":"summary_large_image","twitter_misc":{"Szacowany czas czytania":"7 minut"},"schema":{"@context":"https:\/\/schema.org","@graph":[{"@type":"WebPage","@id":"https:\/\/www.clinicaalthea.com\/farmacia\/sk\/apt\/xtrazex\/","url":"https:\/\/www.clinicaalthea.com\/farmacia\/sk\/apt\/xtrazex\/","name":"Xtrazex - Clinica Althea","isPartOf":{"@id":"https:\/\/www.clinicaalthea.com\/farmacia\/#website"},"primaryImageOfPage":{"@id":"https:\/\/www.clinicaalthea.com\/farmacia\/sk\/apt\/xtrazex\/#primaryimage"},"image":{"@id":"https:\/\/www.clinicaalthea.com\/farmacia\/sk\/apt\/xtrazex\/#primaryimage"},"thumbnailUrl":"https:\/\/www.clinicaalthea.com\/farmacia\/wp-content\/uploads\/2024\/09\/Xtrazex.jpg","datePublished":"2024-09-07T18:32:40+00:00","dateModified":"2024-09-07T18:36:28+00:00","breadcrumb":{"@id":"https:\/\/www.clinicaalthea.com\/farmacia\/sk\/apt\/xtrazex\/#breadcrumb"},"inLanguage":"pl-PL","potentialAction":[{"@type":"ReadAction","target":["https:\/\/www.clinicaalthea.com\/farmacia\/sk\/apt\/xtrazex\/"]}]},{"@type":"ImageObject","inLanguage":"pl-PL","@id":"https:\/\/www.clinicaalthea.com\/farmacia\/sk\/apt\/xtrazex\/#primaryimage","url":"https:\/\/www.clinicaalthea.com\/farmacia\/wp-content\/uploads\/2024\/09\/Xtrazex.jpg","contentUrl":"https:\/\/www.clinicaalthea.com\/farmacia\/wp-content\/uploads\/2024\/09\/Xtrazex.jpg","width":768,"height":768,"caption":"Xtrazex"},{"@type":"BreadcrumbList","@id":"https:\/\/www.clinicaalthea.com\/farmacia\/sk\/apt\/xtrazex\/#breadcrumb","itemListElement":[{"@type":"ListItem","position":1,"name":"Strona g\u0142\u00f3wna","item":"https:\/\/www.clinicaalthea.com\/farmacia\/"},{"@type":"ListItem","position":2,"name":"Produkty","item":"https:\/\/www.clinicaalthea.com\/farmacia\/"},{"@type":"ListItem","position":3,"name":"Xtrazex"}]},{"@type":"WebSite","@id":"https:\/\/www.clinicaalthea.com\/farmacia\/#website","url":"https:\/\/www.clinicaalthea.com\/farmacia\/","name":"Clinica Althea","description":"","publisher":{"@id":"https:\/\/www.clinicaalthea.com\/farmacia\/#organization"},"potentialAction":[{"@type":"SearchAction","target":{"@type":"EntryPoint","urlTemplate":"https:\/\/www.clinicaalthea.com\/farmacia\/?s={search_term_string}"},"query-input":{"@type":"PropertyValueSpecification","valueRequired":true,"valueName":"search_term_string"}}],"inLanguage":"pl-PL"},{"@type":"Organization","@id":"https:\/\/www.clinicaalthea.com\/farmacia\/#organization","name":"Clinica Althea","url":"https:\/\/www.clinicaalthea.com\/farmacia\/","logo":{"@type":"ImageObject","inLanguage":"pl-PL","@id":"https:\/\/www.clinicaalthea.com\/farmacia\/#\/schema\/logo\/image\/","url":"https:\/\/www.clinicaalthea.com\/farmacia\/wp-content\/uploads\/2023\/12\/Jak-diagnozuje-sie-FAS_-objawy-kryteria-diagnostyczne-i-metody-diagnozowania-154162903.jpg","contentUrl":"https:\/\/www.clinicaalthea.com\/farmacia\/wp-content\/uploads\/2023\/12\/Jak-diagnozuje-sie-FAS_-objawy-kryteria-diagnostyczne-i-metody-diagnozowania-154162903.jpg","width":1216,"height":832,"caption":"Clinica Althea"},"image":{"@id":"https:\/\/www.clinicaalthea.com\/farmacia\/#\/schema\/logo\/image\/"}}]}},"lang":"sk","translations":{"sk":10146,"pl":10135,"fr":10138,"nl":10140,"hu":10142,"bg":10144,"cs":10148,"de":10151,"es":10153,"el":10155,"ro":10157,"it":10159},"pll_sync_post":[],"_links":{"self":[{"href":"https:\/\/www.clinicaalthea.com\/farmacia\/wp-json\/wp\/v2\/product\/10146","targetHints":{"allow":["GET"]}}],"collection":[{"href":"https:\/\/www.clinicaalthea.com\/farmacia\/wp-json\/wp\/v2\/product"}],"about":[{"href":"https:\/\/www.clinicaalthea.com\/farmacia\/wp-json\/wp\/v2\/types\/product"}],"replies":[{"embeddable":true,"href":"https:\/\/www.clinicaalthea.com\/farmacia\/wp-json\/wp\/v2\/comments?post=10146"}],"wp:featuredmedia":[{"embeddable":true,"href":"https:\/\/www.clinicaalthea.com\/farmacia\/wp-json\/wp\/v2\/media\/10136"}],"wp:attachment":[{"href":"https:\/\/www.clinicaalthea.com\/farmacia\/wp-json\/wp\/v2\/media?parent=10146"}],"wp:term":[{"taxonomy":"product_brand","embeddable":true,"href":"https:\/\/www.clinicaalthea.com\/farmacia\/wp-json\/wp\/v2\/product_brand?post=10146"},{"taxonomy":"product_cat","embeddable":true,"href":"https:\/\/www.clinicaalthea.com\/farmacia\/wp-json\/wp\/v2\/product_cat?post=10146"},{"taxonomy":"product_tag","embeddable":true,"href":"https:\/\/www.clinicaalthea.com\/farmacia\/wp-json\/wp\/v2\/product_tag?post=10146"}],"curies":[{"name":"wp","href":"https:\/\/api.w.org\/{rel}","templated":true}]}}